{"id":10,"date":"2026-01-14T14:30:31","date_gmt":"2026-01-14T14:30:31","guid":{"rendered":"https:\/\/imenik.akton.rs\/?page_id=10"},"modified":"2026-01-15T07:28:38","modified_gmt":"2026-01-15T07:28:38","slug":"telefonski-imenik-aktona","status":"publish","type":"page","link":"https:\/\/imenik.akton.rs\/","title":{"rendered":"TELEFONSKI IMENIK AKTONA"},"content":{"rendered":"\t\t<div data-elementor-type=\"wp-page\" data-elementor-id=\"10\" class=\"elementor elementor-10\">\n\t\t\t\t<div class=\"elementor-element elementor-element-9b34396 e-flex e-con-boxed e-con e-parent\" data-id=\"9b34396\" data-element_type=\"container\">\n\t\t\t\t\t<div class=\"e-con-inner\">\n\t\t\t\t<div class=\"elementor-element elementor-element-20ca258 elementor-widget elementor-widget-n-accordion\" data-id=\"20ca258\" data-element_type=\"widget\" data-settings=\"{&quot;default_state&quot;:&quot;all_collapsed&quot;,&quot;max_items_expended&quot;:&quot;multiple&quot;,&quot;n_accordion_animation_duration&quot;:{&quot;unit&quot;:&quot;ms&quot;,&quot;size&quot;:400,&quot;sizes&quot;:[]}}\" data-widget_type=\"nested-accordion.default\">\n\t\t\t\t\t\t\t<div class=\"e-n-accordion\" aria-label=\"Accordion. Open links with Enter or Space, close with Escape, and navigate with Arrow Keys\">\n\t\t\t\t\t\t<details id=\"e-n-accordion-item-3430\" class=\"e-n-accordion-item\" >\n\t\t\t\t<summary class=\"e-n-accordion-item-title\" data-accordion-index=\"1\" tabindex=\"0\" aria-expanded=\"false\" aria-controls=\"e-n-accordion-item-3430\" >\n\t\t\t\t\t<span class='e-n-accordion-item-title-header'><div class=\"e-n-accordion-item-title-text\"> AKTON <\/div><\/span>\n\t\t\t\t\t\t\t<span class='e-n-accordion-item-title-icon'>\n\t\t\t<span class='e-opened' ><svg aria-hidden=\"true\" class=\"e-font-icon-svg e-fas-minus\" viewBox=\"0 0 448 512\" xmlns=\"http:\/\/www.w3.org\/2000\/svg\"><path d=\"M416 208H32c-17.67 0-32 14.33-32 32v32c0 17.67 14.33 32 32 32h384c17.67 0 32-14.33 32-32v-32c0-17.67-14.33-32-32-32z\"><\/path><\/svg><\/span>\n\t\t\t<span class='e-closed'><svg aria-hidden=\"true\" class=\"e-font-icon-svg e-fas-plus\" viewBox=\"0 0 448 512\" xmlns=\"http:\/\/www.w3.org\/2000\/svg\"><path d=\"M416 208H272V64c0-17.67-14.33-32-32-32h-32c-17.67 0-32 14.33-32 32v144H32c-17.67 0-32 14.33-32 32v32c0 17.67 14.33 32 32 32h144v144c0 17.67 14.33 32 32 32h32c17.67 0 32-14.33 32-32V304h144c17.67 0 32-14.33 32-32v-32c0-17.67-14.33-32-32-32z\"><\/path><\/svg><\/span>\n\t\t<\/span>\n\n\t\t\t\t\t\t<\/summary>\n\t\t\t\t<div role=\"region\" aria-labelledby=\"e-n-accordion-item-3430\" class=\"elementor-element elementor-element-3e95210 e-con-full e-flex e-con e-child\" data-id=\"3e95210\" data-element_type=\"container\">\n\t\t\t\t<div class=\"elementor-element elementor-element-ca67d34 elementor-widget elementor-widget-text-editor\" data-id=\"ca67d34\" data-element_type=\"widget\" data-widget_type=\"text-editor.default\">\n\t\t\t\t\t\t\t\t\t<p>PREDUZE\u0106E ZA INFORMATI\u010cKI IN\u017dENJERING DOO<\/p>\n<p>11070 BEOGRAD<\/p>\n<p>BULEVAR MIHAJLA PUPINA 6\/16<\/p>\n<div class=\"description\">\n<div class=\"clearfix\">\u00a0<\/div>\n<\/div>\t\t\t\t\t\t\t\t<\/div>\n\t\t\t\t<div class=\"elementor-element elementor-element-194d5e9 elementor-widget elementor-widget-text-editor\" data-id=\"194d5e9\" data-element_type=\"widget\" data-widget_type=\"text-editor.default\">\n\t\t\t\t\t\t\t\t\t<p><strong>0114350000<br \/><\/strong><strong>0114350001<br \/><\/strong><strong>0114350002<br \/><\/strong><strong>0114350008<br \/><\/strong><strong>0112143050<br \/><\/strong><strong>0114350009<br \/><\/strong><strong>0114350015<\/strong><\/p>\t\t\t\t\t\t\t\t<\/div>\n\t\t\t\t<\/div>\n\t\t\t\t\t<\/details>\n\t\t\t\t\t\t<details id=\"e-n-accordion-item-3431\" class=\"e-n-accordion-item\" >\n\t\t\t\t<summary class=\"e-n-accordion-item-title\" data-accordion-index=\"2\" tabindex=\"-1\" aria-expanded=\"false\" aria-controls=\"e-n-accordion-item-3431\" >\n\t\t\t\t\t<span class='e-n-accordion-item-title-header'><div class=\"e-n-accordion-item-title-text\"> SALVEO <\/div><\/span>\n\t\t\t\t\t\t\t<span class='e-n-accordion-item-title-icon'>\n\t\t\t<span class='e-opened' ><svg aria-hidden=\"true\" class=\"e-font-icon-svg e-fas-minus\" viewBox=\"0 0 448 512\" xmlns=\"http:\/\/www.w3.org\/2000\/svg\"><path d=\"M416 208H32c-17.67 0-32 14.33-32 32v32c0 17.67 14.33 32 32 32h384c17.67 0 32-14.33 32-32v-32c0-17.67-14.33-32-32-32z\"><\/path><\/svg><\/span>\n\t\t\t<span class='e-closed'><svg aria-hidden=\"true\" class=\"e-font-icon-svg e-fas-plus\" viewBox=\"0 0 448 512\" xmlns=\"http:\/\/www.w3.org\/2000\/svg\"><path d=\"M416 208H272V64c0-17.67-14.33-32-32-32h-32c-17.67 0-32 14.33-32 32v144H32c-17.67 0-32 14.33-32 32v32c0 17.67 14.33 32 32 32h144v144c0 17.67 14.33 32 32 32h32c17.67 0 32-14.33 32-32V304h144c17.67 0 32-14.33 32-32v-32c0-17.67-14.33-32-32-32z\"><\/path><\/svg><\/span>\n\t\t<\/span>\n\n\t\t\t\t\t\t<\/summary>\n\t\t\t\t<div role=\"region\" aria-labelledby=\"e-n-accordion-item-3431\" class=\"elementor-element elementor-element-78aee2c e-con-full e-flex e-con e-child\" data-id=\"78aee2c\" data-element_type=\"container\">\n\t\t\t\t<div class=\"elementor-element elementor-element-53afd3a elementor-widget elementor-widget-text-editor\" data-id=\"53afd3a\" data-element_type=\"widget\" data-widget_type=\"text-editor.default\">\n\t\t\t\t\t\t\t\t\t<p>DOO DRU\u0160TVO ZA TRGOVINU I USLUGE<br \/>FARMACEUTSKA KOMPANIJA<\/p>\n<p>MILUTINA MILANKOVI\u0106A 3V, 11070, Beograd (Novi Beograd)<\/p>\t\t\t\t\t\t\t\t<\/div>\n\t\t\t\t<div class=\"elementor-element elementor-element-1968616 elementor-widget elementor-widget-text-editor\" data-id=\"1968616\" data-element_type=\"widget\" data-widget_type=\"text-editor.default\">\n\t\t\t\t\t\t\t\t\t<p>0117159890<br \/>0117159891<\/p>\t\t\t\t\t\t\t\t<\/div>\n\t\t\t\t<\/div>\n\t\t\t\t\t<\/details>\n\t\t\t\t\t<\/div>\n\t\t\t\t\t\t<\/div>\n\t\t\t\t\t<\/div>\n\t\t\t\t<\/div>\n\t\t\t\t<\/div>\n\t\t","protected":false},"excerpt":{"rendered":"<p>AKTON PREDUZE\u0106E ZA INFORMATI\u010cKI IN\u017dENJERING DOO 11070 BEOGRAD BULEVAR MIHAJLA PUPINA 6\/16 \u00a0 0114350000011435000101143500020114350008011214305001143500090114350015 SALVEO DOO DRU\u0160TVO ZA TRGOVINU I USLUGEFARMACEUTSKA KOMPANIJA MILUTINA MILANKOVI\u0106A 3V, 11070, Beograd (Novi Beograd) 01171598900117159891 PREDUZE\u0106E ZA INFORMATI\u010cKI IN\u017dENJERING DOO 11070 BEOGRAD BULEVAR MIHAJLA PUPINA 6\/16 \u00a0 0114350000011435000101143500020114350008011214305001143500090114350015 DOO DRU\u0160TVO ZA TRGOVINU I USLUGEFARMACEUTSKA KOMPANIJA MILUTINA MILANKOVI\u0106A 3V, 11070, Beograd [&hellip;]<\/p>\n","protected":false},"author":1,"featured_media":0,"parent":0,"menu_order":0,"comment_status":"closed","ping_status":"closed","template":"elementor_theme","meta":{"footnotes":""},"class_list":["post-10","page","type-page","status-publish","hentry"],"yoast_head":"<!-- This site is optimized with the Yoast SEO plugin v26.7 - https:\/\/yoast.com\/wordpress\/plugins\/seo\/ -->\n<title>TELEFONSKI IMENIK AKTONA - IMENIK<\/title>\n<meta name=\"robots\" content=\"noindex, nofollow\" \/>\n<meta property=\"og:locale\" content=\"en_US\" \/>\n<meta property=\"og:type\" content=\"article\" \/>\n<meta property=\"og:title\" content=\"TELEFONSKI IMENIK AKTONA - IMENIK\" \/>\n<meta property=\"og:description\" content=\"AKTON PREDUZE\u0106E ZA INFORMATI\u010cKI IN\u017dENJERING DOO 11070 BEOGRAD BULEVAR MIHAJLA PUPINA 6\/16 \u00a0 0114350000011435000101143500020114350008011214305001143500090114350015 SALVEO DOO DRU\u0160TVO ZA TRGOVINU I USLUGEFARMACEUTSKA KOMPANIJA MILUTINA MILANKOVI\u0106A 3V, 11070, Beograd (Novi Beograd) 01171598900117159891 PREDUZE\u0106E ZA INFORMATI\u010cKI IN\u017dENJERING DOO 11070 BEOGRAD BULEVAR MIHAJLA PUPINA 6\/16 \u00a0 0114350000011435000101143500020114350008011214305001143500090114350015 DOO DRU\u0160TVO ZA TRGOVINU I USLUGEFARMACEUTSKA KOMPANIJA MILUTINA MILANKOVI\u0106A 3V, 11070, Beograd [&hellip;]\" \/>\n<meta property=\"og:url\" content=\"https:\/\/imenik.akton.rs\/\" \/>\n<meta property=\"og:site_name\" content=\"IMENIK\" \/>\n<meta property=\"article:modified_time\" content=\"2026-01-15T07:28:38+00:00\" \/>\n<meta name=\"twitter:card\" content=\"summary_large_image\" \/>\n<meta name=\"twitter:label1\" content=\"Est. reading time\" \/>\n\t<meta name=\"twitter:data1\" content=\"1 minute\" \/>\n<script type=\"application\/ld+json\" class=\"yoast-schema-graph\">{\"@context\":\"https:\/\/schema.org\",\"@graph\":[{\"@type\":\"WebPage\",\"@id\":\"https:\/\/imenik.akton.rs\/\",\"url\":\"https:\/\/imenik.akton.rs\/\",\"name\":\"TELEFONSKI IMENIK AKTONA - IMENIK\",\"isPartOf\":{\"@id\":\"https:\/\/imenik.akton.rs\/#website\"},\"datePublished\":\"2026-01-14T14:30:31+00:00\",\"dateModified\":\"2026-01-15T07:28:38+00:00\",\"breadcrumb\":{\"@id\":\"https:\/\/imenik.akton.rs\/#breadcrumb\"},\"inLanguage\":\"en-US\",\"potentialAction\":[{\"@type\":\"ReadAction\",\"target\":[\"https:\/\/imenik.akton.rs\/\"]}]},{\"@type\":\"BreadcrumbList\",\"@id\":\"https:\/\/imenik.akton.rs\/#breadcrumb\",\"itemListElement\":[{\"@type\":\"ListItem\",\"position\":1,\"name\":\"Home\",\"item\":\"https:\/\/imenik.akton.rs\/\"},{\"@type\":\"ListItem\",\"position\":2,\"name\":\"TELEFONSKI IMENIK AKTONA\"}]},{\"@type\":\"WebSite\",\"@id\":\"https:\/\/imenik.akton.rs\/#website\",\"url\":\"https:\/\/imenik.akton.rs\/\",\"name\":\"IMENIK\",\"description\":\"\",\"publisher\":{\"@id\":\"https:\/\/imenik.akton.rs\/#organization\"},\"potentialAction\":[{\"@type\":\"SearchAction\",\"target\":{\"@type\":\"EntryPoint\",\"urlTemplate\":\"https:\/\/imenik.akton.rs\/?s={search_term_string}\"},\"query-input\":{\"@type\":\"PropertyValueSpecification\",\"valueRequired\":true,\"valueName\":\"search_term_string\"}}],\"inLanguage\":\"en-US\"},{\"@type\":\"Organization\",\"@id\":\"https:\/\/imenik.akton.rs\/#organization\",\"name\":\"IMENIK\",\"url\":\"https:\/\/imenik.akton.rs\/\",\"logo\":{\"@type\":\"ImageObject\",\"inLanguage\":\"en-US\",\"@id\":\"https:\/\/imenik.akton.rs\/#\/schema\/logo\/image\/\",\"url\":\"https:\/\/imenik.akton.rs\/wp-content\/uploads\/2026\/01\/cropped-logo.png\",\"contentUrl\":\"https:\/\/imenik.akton.rs\/wp-content\/uploads\/2026\/01\/cropped-logo.png\",\"width\":1101,\"height\":441,\"caption\":\"IMENIK\"},\"image\":{\"@id\":\"https:\/\/imenik.akton.rs\/#\/schema\/logo\/image\/\"}}]}<\/script>\n<!-- \/ Yoast SEO plugin. -->","yoast_head_json":{"title":"TELEFONSKI IMENIK AKTONA - IMENIK","robots":{"index":"noindex","follow":"nofollow"},"og_locale":"en_US","og_type":"article","og_title":"TELEFONSKI IMENIK AKTONA - IMENIK","og_description":"AKTON PREDUZE\u0106E ZA INFORMATI\u010cKI IN\u017dENJERING DOO 11070 BEOGRAD BULEVAR MIHAJLA PUPINA 6\/16 \u00a0 0114350000011435000101143500020114350008011214305001143500090114350015 SALVEO DOO DRU\u0160TVO ZA TRGOVINU I USLUGEFARMACEUTSKA KOMPANIJA MILUTINA MILANKOVI\u0106A 3V, 11070, Beograd (Novi Beograd) 01171598900117159891 PREDUZE\u0106E ZA INFORMATI\u010cKI IN\u017dENJERING DOO 11070 BEOGRAD BULEVAR MIHAJLA PUPINA 6\/16 \u00a0 0114350000011435000101143500020114350008011214305001143500090114350015 DOO DRU\u0160TVO ZA TRGOVINU I USLUGEFARMACEUTSKA KOMPANIJA MILUTINA MILANKOVI\u0106A 3V, 11070, Beograd [&hellip;]","og_url":"https:\/\/imenik.akton.rs\/","og_site_name":"IMENIK","article_modified_time":"2026-01-15T07:28:38+00:00","twitter_card":"summary_large_image","twitter_misc":{"Est. reading time":"1 minute"},"schema":{"@context":"https:\/\/schema.org","@graph":[{"@type":"WebPage","@id":"https:\/\/imenik.akton.rs\/","url":"https:\/\/imenik.akton.rs\/","name":"TELEFONSKI IMENIK AKTONA - IMENIK","isPartOf":{"@id":"https:\/\/imenik.akton.rs\/#website"},"datePublished":"2026-01-14T14:30:31+00:00","dateModified":"2026-01-15T07:28:38+00:00","breadcrumb":{"@id":"https:\/\/imenik.akton.rs\/#breadcrumb"},"inLanguage":"en-US","potentialAction":[{"@type":"ReadAction","target":["https:\/\/imenik.akton.rs\/"]}]},{"@type":"BreadcrumbList","@id":"https:\/\/imenik.akton.rs\/#breadcrumb","itemListElement":[{"@type":"ListItem","position":1,"name":"Home","item":"https:\/\/imenik.akton.rs\/"},{"@type":"ListItem","position":2,"name":"TELEFONSKI IMENIK AKTONA"}]},{"@type":"WebSite","@id":"https:\/\/imenik.akton.rs\/#website","url":"https:\/\/imenik.akton.rs\/","name":"IMENIK","description":"","publisher":{"@id":"https:\/\/imenik.akton.rs\/#organization"},"potentialAction":[{"@type":"SearchAction","target":{"@type":"EntryPoint","urlTemplate":"https:\/\/imenik.akton.rs\/?s={search_term_string}"},"query-input":{"@type":"PropertyValueSpecification","valueRequired":true,"valueName":"search_term_string"}}],"inLanguage":"en-US"},{"@type":"Organization","@id":"https:\/\/imenik.akton.rs\/#organization","name":"IMENIK","url":"https:\/\/imenik.akton.rs\/","logo":{"@type":"ImageObject","inLanguage":"en-US","@id":"https:\/\/imenik.akton.rs\/#\/schema\/logo\/image\/","url":"https:\/\/imenik.akton.rs\/wp-content\/uploads\/2026\/01\/cropped-logo.png","contentUrl":"https:\/\/imenik.akton.rs\/wp-content\/uploads\/2026\/01\/cropped-logo.png","width":1101,"height":441,"caption":"IMENIK"},"image":{"@id":"https:\/\/imenik.akton.rs\/#\/schema\/logo\/image\/"}}]}},"_links":{"self":[{"href":"https:\/\/imenik.akton.rs\/index.php\/wp-json\/wp\/v2\/pages\/10","targetHints":{"allow":["GET"]}}],"collection":[{"href":"https:\/\/imenik.akton.rs\/index.php\/wp-json\/wp\/v2\/pages"}],"about":[{"href":"https:\/\/imenik.akton.rs\/index.php\/wp-json\/wp\/v2\/types\/page"}],"author":[{"embeddable":true,"href":"https:\/\/imenik.akton.rs\/index.php\/wp-json\/wp\/v2\/users\/1"}],"replies":[{"embeddable":true,"href":"https:\/\/imenik.akton.rs\/index.php\/wp-json\/wp\/v2\/comments?post=10"}],"version-history":[{"count":25,"href":"https:\/\/imenik.akton.rs\/index.php\/wp-json\/wp\/v2\/pages\/10\/revisions"}],"predecessor-version":[{"id":79,"href":"https:\/\/imenik.akton.rs\/index.php\/wp-json\/wp\/v2\/pages\/10\/revisions\/79"}],"wp:attachment":[{"href":"https:\/\/imenik.akton.rs\/index.php\/wp-json\/wp\/v2\/media?parent=10"}],"curies":[{"name":"wp","href":"https:\/\/api.w.org\/{rel}","templated":true}]}}